{"id":53,"date":"2021-10-31T12:40:22","date_gmt":"2021-10-31T12:40:22","guid":{"rendered":"https:\/\/gitzel-elektrotechnik.de\/?page_id=53"},"modified":"2025-06-03T09:33:45","modified_gmt":"2025-06-03T09:33:45","slug":"impressum","status":"publish","type":"page","link":"https:\/\/gitzel-elektrotechnik.de\/index.php\/impressum\/","title":{"rendered":"Impressum"},"content":{"rendered":"\n<p><b>Gitzel Elektrotechnik<\/b> <\/br>\nAm Schulweg 6 <\/br>\n01833 D\u00fcrrr\u00f6hrsdorf-Dittersbach OT Wilschdorf\n<\/p>\n\n\n\n<p><b>Gesch\u00e4ftsf\u00fchrer:<\/b> Kerstin Gitzel<\/p>\n\n\n\n<p><b>Ansprechpartner:<\/b><\/p>\n\n\n\n<p>Herrn Frank Gitzel &#8211; Elektromeister<\/br>\nFrau Kerstin Gitzel<\/p>\n\n\n\n<p>Telefon: +(49) 35026 91596 <\/br>\nTelefax: +(49) 35026 91551<\/p>\n\n\n\n<p><b>E-Mail:<\/b> Frank.Gitzel@t-online.de<br><b>Internet:<\/b> www.gitzel-elektrotechnik.de<\/p>\n\n\n\n<p>eingetragen bei der Handwerkskammer Dresden<\/br>\nHWK-Nr.: 0480293<\/p>\n\n\n\n<p>USt-IdNr.:  DE237174498 <\/p>\n\n\n\n<p><b>Haftungshinweis:<\/b><\/br>\nTrotz sorgf\u00e4ltiger inhalterlicher Kontrolle \u00fcbernehmen wir keine Haftung f\u00fcr die Inhalte externer Links. F\u00fcr den Inhalt verlinkter Seiten sind ausschlie\u00dflich deren Betreiber verantwortlich.<\/p>\n\n\n\n<p><\/p>\n","protected":false},"excerpt":{"rendered":"<p>Gitzel Elektrotechnik Am Schulweg 6 01833 D\u00fcrrr\u00f6hrsdorf-Dittersbach OT Wilschdorf Gesch\u00e4ftsf\u00fchrer: Kerstin Gitzel Ansprechpartner: Herrn Frank Gitzel &#8211; Elektromeister Frau Kerstin Gitzel Telefon: +(49) 35026 91596 Telefax: +(49) 35026 91551 E-Mail: Frank.Gitzel@t-online.deInternet: www.gitzel-elektrotechnik.de eingetragen bei der Handwerkskammer Dresden HWK-Nr.: 0480293 USt-IdNr.: DE237174498 Haftungshinweis: Trotz sorgf\u00e4ltiger inhalterlicher Kontrolle \u00fcbernehmen wir keine Haftung f\u00fcr die Inhalte externer Links. [&hellip;]<\/p>\n","protected":false},"author":1,"featured_media":0,"parent":0,"menu_order":0,"comment_status":"closed","ping_status":"closed","template":"","meta":{"footnotes":""},"class_list":["post-53","page","type-page","status-publish","hentry"],"_links":{"self":[{"href":"https:\/\/gitzel-elektrotechnik.de\/index.php\/wp-json\/wp\/v2\/pages\/53","targetHints":{"allow":["GET"]}}],"collection":[{"href":"https:\/\/gitzel-elektrotechnik.de\/index.php\/wp-json\/wp\/v2\/pages"}],"about":[{"href":"https:\/\/gitzel-elektrotechnik.de\/index.php\/wp-json\/wp\/v2\/types\/page"}],"author":[{"embeddable":true,"href":"https:\/\/gitzel-elektrotechnik.de\/index.php\/wp-json\/wp\/v2\/users\/1"}],"replies":[{"embeddable":true,"href":"https:\/\/gitzel-elektrotechnik.de\/index.php\/wp-json\/wp\/v2\/comments?post=53"}],"version-history":[{"count":13,"href":"https:\/\/gitzel-elektrotechnik.de\/index.php\/wp-json\/wp\/v2\/pages\/53\/revisions"}],"predecessor-version":[{"id":84,"href":"https:\/\/gitzel-elektrotechnik.de\/index.php\/wp-json\/wp\/v2\/pages\/53\/revisions\/84"}],"wp:attachment":[{"href":"https:\/\/gitzel-elektrotechnik.de\/index.php\/wp-json\/wp\/v2\/media?parent=53"}],"curies":[{"name":"wp","href":"https:\/\/api.w.org\/{rel}","templated":true}]}}