{"id":35,"date":"2021-10-31T12:05:23","date_gmt":"2021-10-31T12:05:23","guid":{"rendered":"https:\/\/gitzel-elektrotechnik.de\/?page_id=35"},"modified":"2025-06-03T09:27:19","modified_gmt":"2025-06-03T09:27:19","slug":"leistungen","status":"publish","type":"page","link":"https:\/\/gitzel-elektrotechnik.de\/index.php\/leistungen\/","title":{"rendered":"Leistungen"},"content":{"rendered":"<p>F\u00fcr unsere Kunden bieten wir alles aus einer Hand. Wir f\u00fchren unsere Arbeiten stets ordnungsgem\u00e4\u00df, zuverl\u00e4ssi und professionell aus.<\/p>\n<p>&#8211; Installation von Alt- und Neubauten<br \/>\n&#8211; Photovoltaikanlagen<br \/>\n&#8211; Solaranlagen<br \/>\n&#8211; Beleuchtungsanlagen<br \/>\n&#8211; Elektro-Heizungen<br \/>\n&#8211; Netzwerktechnik<br \/>\n&#8211; Service: Beratung, Wartung<\/p>\n","protected":false},"excerpt":{"rendered":"<p>F\u00fcr unsere Kunden bieten wir alles aus einer Hand. Wir f\u00fchren unsere Arbeiten stets ordnungsgem\u00e4\u00df, zuverl\u00e4ssi und professionell aus. &#8211; Installation von Alt- und Neubauten &#8211; Photovoltaikanlagen &#8211; Solaranlagen &#8211; Beleuchtungsanlagen &#8211; Elektro-Heizungen &#8211; Netzwerktechnik &#8211; Service: Beratung, Wartung<\/p>\n","protected":false},"author":1,"featured_media":0,"parent":0,"menu_order":0,"comment_status":"closed","ping_status":"closed","template":"","meta":{"footnotes":""},"class_list":["post-35","page","type-page","status-publish","hentry"],"_links":{"self":[{"href":"https:\/\/gitzel-elektrotechnik.de\/index.php\/wp-json\/wp\/v2\/pages\/35","targetHints":{"allow":["GET"]}}],"collection":[{"href":"https:\/\/gitzel-elektrotechnik.de\/index.php\/wp-json\/wp\/v2\/pages"}],"about":[{"href":"https:\/\/gitzel-elektrotechnik.de\/index.php\/wp-json\/wp\/v2\/types\/page"}],"author":[{"embeddable":true,"href":"https:\/\/gitzel-elektrotechnik.de\/index.php\/wp-json\/wp\/v2\/users\/1"}],"replies":[{"embeddable":true,"href":"https:\/\/gitzel-elektrotechnik.de\/index.php\/wp-json\/wp\/v2\/comments?post=35"}],"version-history":[{"count":2,"href":"https:\/\/gitzel-elektrotechnik.de\/index.php\/wp-json\/wp\/v2\/pages\/35\/revisions"}],"predecessor-version":[{"id":82,"href":"https:\/\/gitzel-elektrotechnik.de\/index.php\/wp-json\/wp\/v2\/pages\/35\/revisions\/82"}],"wp:attachment":[{"href":"https:\/\/gitzel-elektrotechnik.de\/index.php\/wp-json\/wp\/v2\/media?parent=35"}],"curies":[{"name":"wp","href":"https:\/\/api.w.org\/{rel}","templated":true}]}}