{"id":28,"date":"2021-10-31T11:43:38","date_gmt":"2021-10-31T11:43:38","guid":{"rendered":"https:\/\/gitzel-elektrotechnik.de\/?page_id=28"},"modified":"2021-10-31T12:51:31","modified_gmt":"2021-10-31T12:51:31","slug":"startseite","status":"publish","type":"page","link":"https:\/\/gitzel-elektrotechnik.de\/","title":{"rendered":"Startseite"},"content":{"rendered":"<p>Wir sind ein s\u00e4chsischer Handwerksbetrieb und wollen uns mit dieser Seite vorstellen.<br>\nReinklicken lohnt sich. Wir freuen uns auf Sie!<br>\nHandelt es sich bei Ihrem Projekt um Industriegeb\u00e4ude, B\u00fcror\u00e4ume, Wohnungen, Ein- oder Mehrfamilienh\u00e4user? Was es auch ist &#8211; wir sind der indeale Ansprechpartner f\u00fcr alle Fragen im Bereich Elektrotechnik.<\/p>\n<p><\/p>\n\n\n<figure class=\"wp-block-image size-full\"><img loading=\"lazy\" decoding=\"async\" width=\"176\" height=\"80\" src=\"https:\/\/gitzel-elektrotechnik.de\/wp-content\/uploads\/2021\/10\/cropped-logo.png\" alt=\"\" class=\"wp-image-25\"\/><\/figure>\n","protected":false},"excerpt":{"rendered":"<p>Wir sind ein s\u00e4chsischer Handwerksbetrieb und wollen uns mit dieser Seite vorstellen. Reinklicken lohnt sich. Wir freuen uns auf Sie! Handelt es sich bei Ihrem Projekt um Industriegeb\u00e4ude, B\u00fcror\u00e4ume, Wohnungen, Ein- oder Mehrfamilienh\u00e4user? Was es auch ist &#8211; wir sind der indeale Ansprechpartner f\u00fcr alle Fragen im Bereich Elektrotechnik.<\/p>\n","protected":false},"author":1,"featured_media":0,"parent":0,"menu_order":0,"comment_status":"closed","ping_status":"closed","template":"","meta":{"footnotes":""},"class_list":["post-28","page","type-page","status-publish","hentry"],"_links":{"self":[{"href":"https:\/\/gitzel-elektrotechnik.de\/index.php\/wp-json\/wp\/v2\/pages\/28","targetHints":{"allow":["GET"]}}],"collection":[{"href":"https:\/\/gitzel-elektrotechnik.de\/index.php\/wp-json\/wp\/v2\/pages"}],"about":[{"href":"https:\/\/gitzel-elektrotechnik.de\/index.php\/wp-json\/wp\/v2\/types\/page"}],"author":[{"embeddable":true,"href":"https:\/\/gitzel-elektrotechnik.de\/index.php\/wp-json\/wp\/v2\/users\/1"}],"replies":[{"embeddable":true,"href":"https:\/\/gitzel-elektrotechnik.de\/index.php\/wp-json\/wp\/v2\/comments?post=28"}],"version-history":[{"count":4,"href":"https:\/\/gitzel-elektrotechnik.de\/index.php\/wp-json\/wp\/v2\/pages\/28\/revisions"}],"predecessor-version":[{"id":71,"href":"https:\/\/gitzel-elektrotechnik.de\/index.php\/wp-json\/wp\/v2\/pages\/28\/revisions\/71"}],"wp:attachment":[{"href":"https:\/\/gitzel-elektrotechnik.de\/index.php\/wp-json\/wp\/v2\/media?parent=28"}],"curies":[{"name":"wp","href":"https:\/\/api.w.org\/{rel}","templated":true}]}}